{"id":20,"date":"2017-02-20T19:30:30","date_gmt":"2017-02-20T19:30:30","guid":{"rendered":"http:\/\/artnow.pwsztar.edu.pl\/?page_id=20"},"modified":"2024-07-04T09:50:57","modified_gmt":"2024-07-04T09:50:57","slug":"sekcja-strony-glownej","status":"publish","type":"page","link":"https:\/\/artnow.pwsztar.edu.pl\/index.php\/sekcja-strony-glownej\/","title":{"rendered":"WARSZTATY"},"content":{"rendered":"<p><strong>Warsztaty dawnych technik obr\u00f3bki drewna &#8211; Arboretum i Zak\u0142ad Fizjografii w Bolestraszycach 3.0<br \/>\n<\/strong><em>28-30 czerwca 2024<\/em><\/p>\n<p>Wykonanie przedmiot\u00f3w u\u017cytkowych (m.in. misy, \u0142y\u017cki itd.), element\u00f3w ozdobnych oraz szablon\u00f3w kafelek; rozwijanie umiej\u0119tno\u015bci manualnych w pos\u0142ugiwaniu si\u0119 narz\u0119dziami do obr\u00f3bki r\u0119cznej drewna. Praca z glin\u0105 &#8211; kafelki.<\/p>\n<p><img decoding=\"async\" loading=\"lazy\" class=\"wp-image-266 size-medium\" src=\"https:\/\/artnow.pwsztar.edu.pl\/wp-content\/uploads\/2024\/07\/WARSZTATY-autor-E_Serafinska-zdj-36-225x300.jpg\" alt=\"\" width=\"225\" height=\"300\" srcset=\"https:\/\/artnow.pwsztar.edu.pl\/wp-content\/uploads\/2024\/07\/WARSZTATY-autor-E_Serafinska-zdj-36-225x300.jpg 225w, https:\/\/artnow.pwsztar.edu.pl\/wp-content\/uploads\/2024\/07\/WARSZTATY-autor-E_Serafinska-zdj-36-768x1024.jpg 768w, https:\/\/artnow.pwsztar.edu.pl\/wp-content\/uploads\/2024\/07\/WARSZTATY-autor-E_Serafinska-zdj-36-1152x1536.jpg 1152w, https:\/\/artnow.pwsztar.edu.pl\/wp-content\/uploads\/2024\/07\/WARSZTATY-autor-E_Serafinska-zdj-36-1536x2048.jpg 1536w, https:\/\/artnow.pwsztar.edu.pl\/wp-content\/uploads\/2024\/07\/WARSZTATY-autor-E_Serafinska-zdj-36-scaled.jpg 1920w\" sizes=\"(max-width: 225px) 100vw, 225px\" \/><\/p>\n<p>zobacz ca\u0142o\u015b\u0107:<\/p>\n<p><a href=\"https:\/\/artnow.pwsztar.edu.pl\/index.php\/warsztaty-dawnych-technik-obrobki-drewna-arboretum-i-zaklad-fizjografii-w-bolestraszycach-3-0\/\">Warsztaty dawnych technik obr\u00f3bki drewna (Bolestraszyce 2024)<\/a><\/p>\n<p>&nbsp;<\/p>\n<p>&nbsp;<\/p>\n<p><strong>Warsztaty dawnych technik obr\u00f3bki drewna &#8211; Arboretum i Zak\u0142ad Fizjografii w Bolestraszycach 2.0<br \/>\n<\/strong><em>23-25 czerwca 2023<\/em><\/p>\n<p>Wykonanie przedmiot\u00f3w u\u017cytkowych; rozwijanie umiej\u0119tno\u015bci manualnych w pos\u0142ugiwaniu si\u0119 narz\u0119dziami do obr\u00f3bki r\u0119cznej drewna.<\/p>\n<p><img decoding=\"async\" loading=\"lazy\" class=\"alignnone size-medium wp-image-203\" src=\"https:\/\/artnow.pwsztar.edu.pl\/wp-content\/uploads\/2023\/07\/IMG_2304-300x225.jpg\" alt=\"\" width=\"300\" height=\"225\" srcset=\"https:\/\/artnow.pwsztar.edu.pl\/wp-content\/uploads\/2023\/07\/IMG_2304-300x225.jpg 300w, https:\/\/artnow.pwsztar.edu.pl\/wp-content\/uploads\/2023\/07\/IMG_2304-1024x768.jpg 1024w, https:\/\/artnow.pwsztar.edu.pl\/wp-content\/uploads\/2023\/07\/IMG_2304-768x576.jpg 768w, https:\/\/artnow.pwsztar.edu.pl\/wp-content\/uploads\/2023\/07\/IMG_2304-1536x1152.jpg 1536w, https:\/\/artnow.pwsztar.edu.pl\/wp-content\/uploads\/2023\/07\/IMG_2304-2048x1536.jpg 2048w\" sizes=\"(max-width: 300px) 100vw, 300px\" \/><\/p>\n<p>zobacz ca\u0142o\u015b\u0107:<\/p>\n<p><a href=\"https:\/\/artnow.pwsztar.edu.pl\/index.php\/warsztaty-dawnych-technik-obrobki-drewna-bolestraszyce-2023\/\">Warsztaty dawnych technik obr\u00f3bki drewna (Bolestraszyce 2023)<\/a><\/p>\n<p>&nbsp;<\/p>\n<p>&nbsp;<\/p>\n<p><strong>Warsztaty drzeworytu japo\u0144skiego<br \/>\n<\/strong><em>marzec &#8211; maj 2023<\/em><\/p>\n<p>W trakcie cyklu spotka\u0144 poznajemy technik\u0119 drzeworytu japo\u0144skiego.<\/p>\n<p><strong>W TRAKCIE &#8211; Zapraszamy!<\/strong><\/p>\n<p>zobacz ca\u0142o\u015b\u0107:<\/p>\n<p><a href=\"https:\/\/artnow.pwsztar.edu.pl\/index.php\/warsztaty-drzeworytu-japonskiego\/\">Warsztaty drzeworytu japo\u0144skiego<\/a><\/p>\n<p>&nbsp;<\/p>\n<p><strong>Warsztaty ceramiczne<br \/>\n<\/strong><em>listopad \u2013 grudzie\u0144 2022<\/em><\/p>\n<p>Wprowadzenie do zagadnie\u0144 ceramiki.<\/p>\n<p><img decoding=\"async\" loading=\"lazy\" class=\"wp-image-71 size-medium\" src=\"https:\/\/artnow.pwsztar.edu.pl\/wp-content\/uploads\/2023\/04\/IMG_20221124_172949-300x225.jpg\" alt=\"\" width=\"300\" height=\"225\" srcset=\"https:\/\/artnow.pwsztar.edu.pl\/wp-content\/uploads\/2023\/04\/IMG_20221124_172949-300x225.jpg 300w, https:\/\/artnow.pwsztar.edu.pl\/wp-content\/uploads\/2023\/04\/IMG_20221124_172949-1024x768.jpg 1024w, https:\/\/artnow.pwsztar.edu.pl\/wp-content\/uploads\/2023\/04\/IMG_20221124_172949-768x576.jpg 768w, https:\/\/artnow.pwsztar.edu.pl\/wp-content\/uploads\/2023\/04\/IMG_20221124_172949-1536x1152.jpg 1536w, https:\/\/artnow.pwsztar.edu.pl\/wp-content\/uploads\/2023\/04\/IMG_20221124_172949-2048x1536.jpg 2048w\" sizes=\"(max-width: 300px) 100vw, 300px\" \/><\/p>\n<p>zobacz ca\u0142o\u015b\u0107:<\/p>\n<p><a href=\"https:\/\/artnow.pwsztar.edu.pl\/index.php\/z-cer\/\">Warsztaty z ceramiki<\/a><\/p>\n<p>&nbsp;<\/p>\n<p><strong>Warsztaty z obr\u00f3bki drewna<br \/>\n<\/strong><em>21 lipca 2022<\/em><\/p>\n<p>\u0106wiczenie umiej\u0119tno\u015bci r\u0119cznej pracy z drewnem oraz ostrzenia narz\u0119dzi.<\/p>\n<div style=\"width: 525px;\" class=\"wp-video\"><!--[if lt IE 9]><script>document.createElement('video');<\/script><![endif]-->\n<video class=\"wp-video-shortcode\" id=\"video-20-1\" width=\"525\" height=\"295\" loop=\"1\" preload=\"metadata\" controls=\"controls\"><source type=\"video\/mp4\" src=\"https:\/\/artnow.pwsztar.edu.pl\/wp-content\/uploads\/2023\/04\/VID_20220721_140619.mp4?_=1\" \/><a href=\"https:\/\/artnow.pwsztar.edu.pl\/wp-content\/uploads\/2023\/04\/VID_20220721_140619.mp4\">https:\/\/artnow.pwsztar.edu.pl\/wp-content\/uploads\/2023\/04\/VID_20220721_140619.mp4<\/a><\/video><\/div>\n<p>zobacz ca\u0142o\u015b\u0107:<\/p>\n<p><a href=\"https:\/\/artnow.pwsztar.edu.pl\/index.php\/warsztaty-z-obrobki-drewna\/\">Warsztaty z obr\u00f3bki drewna<\/a><\/p>\n<p>&nbsp;<\/p>\n<p><strong>Warsztaty OUTDOOR<br \/>\n<\/strong><em>16-17 lipca 2022<\/em><\/p>\n<p>Udzia\u0142 w Festiwalu Warsztat\u00f3w OUTDOOR.<\/p>\n<p>Opiekun naszego ko\u0142a wzi\u0105\u0142 udzia\u0142 w festiwalu jako tutor przeprowadzaj\u0105c warsztaty 'Praca z drewnem&#8217;.<\/p>\n<p><img decoding=\"async\" loading=\"lazy\" class=\"size-medium wp-image-130\" src=\"https:\/\/artnow.pwsztar.edu.pl\/wp-content\/uploads\/2023\/04\/IMG_20220716_161000-300x225.jpg\" alt=\"\" width=\"300\" height=\"225\" srcset=\"https:\/\/artnow.pwsztar.edu.pl\/wp-content\/uploads\/2023\/04\/IMG_20220716_161000-300x225.jpg 300w, https:\/\/artnow.pwsztar.edu.pl\/wp-content\/uploads\/2023\/04\/IMG_20220716_161000-1024x768.jpg 1024w, https:\/\/artnow.pwsztar.edu.pl\/wp-content\/uploads\/2023\/04\/IMG_20220716_161000-768x576.jpg 768w, https:\/\/artnow.pwsztar.edu.pl\/wp-content\/uploads\/2023\/04\/IMG_20220716_161000-1536x1152.jpg 1536w, https:\/\/artnow.pwsztar.edu.pl\/wp-content\/uploads\/2023\/04\/IMG_20220716_161000-2048x1536.jpg 2048w\" sizes=\"(max-width: 300px) 100vw, 300px\" \/><\/p>\n<p>zobacz ca\u0142o\u015b\u0107:<\/p>\n<p><a href=\"https:\/\/artnow.pwsztar.edu.pl\/index.php\/warsztaty-outdoor\/\">Warsztaty OUTDOOR<\/a><\/p>\n<p>&nbsp;<\/p>\n<p><strong>Warsztaty dawnych technik obr\u00f3bki drewna &#8211; Arboretum i Zak\u0142ad Fizjografii w Bolestraszycach<br \/>\n<\/strong><em>24-26 czerwca 2022<\/em><\/p>\n<p>Wykonanie przedmiot\u00f3w u\u017cytkowych; rozwijanie umiej\u0119tno\u015bci manualnych w pos\u0142ugiwaniu si\u0119 narz\u0119dziami do obr\u00f3bki r\u0119cznej drewna.<\/p>\n<p><img decoding=\"async\" loading=\"lazy\" class=\"alignnone size-medium wp-image-143\" src=\"https:\/\/artnow.pwsztar.edu.pl\/wp-content\/uploads\/2023\/04\/IMG_0748-1-300x200.jpg\" alt=\"\" width=\"300\" height=\"200\" srcset=\"https:\/\/artnow.pwsztar.edu.pl\/wp-content\/uploads\/2023\/04\/IMG_0748-1-300x200.jpg 300w, https:\/\/artnow.pwsztar.edu.pl\/wp-content\/uploads\/2023\/04\/IMG_0748-1-1024x683.jpg 1024w, https:\/\/artnow.pwsztar.edu.pl\/wp-content\/uploads\/2023\/04\/IMG_0748-1-768x512.jpg 768w, https:\/\/artnow.pwsztar.edu.pl\/wp-content\/uploads\/2023\/04\/IMG_0748-1-1536x1024.jpg 1536w, https:\/\/artnow.pwsztar.edu.pl\/wp-content\/uploads\/2023\/04\/IMG_0748-1-2048x1365.jpg 2048w\" sizes=\"(max-width: 300px) 100vw, 300px\" \/><\/p>\n<p>zobacz ca\u0142o\u015b\u0107:<\/p>\n<p><a href=\"https:\/\/artnow.pwsztar.edu.pl\/index.php\/warsztaty-dawnych-technik-obrobki-drewna\/\">Warsztaty dawnych technik obr\u00f3bki drewna (Bolestraszyce 2022)<\/a><\/p>\n","protected":false},"excerpt":{"rendered":"<p>Warsztaty dawnych technik obr\u00f3bki drewna &#8211; Arboretum i Zak\u0142ad Fizjografii w Bolestraszycach 3.0 28-30 czerwca 2024 Wykonanie przedmiot\u00f3w u\u017cytkowych (m.in. misy, \u0142y\u017cki itd.), element\u00f3w ozdobnych oraz szablon\u00f3w kafelek; rozwijanie umiej\u0119tno\u015bci manualnych w pos\u0142ugiwaniu si\u0119 narz\u0119dziami do obr\u00f3bki r\u0119cznej drewna. Praca z glin\u0105 &#8211; kafelki. zobacz ca\u0142o\u015b\u0107: Warsztaty dawnych technik obr\u00f3bki drewna (Bolestraszyce 2024) &nbsp; &nbsp; &hellip; <\/p>\n<p class=\"link-more\"><a href=\"https:\/\/artnow.pwsztar.edu.pl\/index.php\/sekcja-strony-glownej\/\" class=\"more-link\">Czytaj dalej<span class=\"screen-reader-text\"> \u201eWARSZTATY\u201d<\/span><\/a><\/p>\n","protected":false},"author":1,"featured_media":0,"parent":0,"menu_order":0,"comment_status":"closed","ping_status":"closed","template":"","meta":[],"_links":{"self":[{"href":"https:\/\/artnow.pwsztar.edu.pl\/index.php\/wp-json\/wp\/v2\/pages\/20"}],"collection":[{"href":"https:\/\/artnow.pwsztar.edu.pl\/index.php\/wp-json\/wp\/v2\/pages"}],"about":[{"href":"https:\/\/artnow.pwsztar.edu.pl\/index.php\/wp-json\/wp\/v2\/types\/page"}],"author":[{"embeddable":true,"href":"https:\/\/artnow.pwsztar.edu.pl\/index.php\/wp-json\/wp\/v2\/users\/1"}],"replies":[{"embeddable":true,"href":"https:\/\/artnow.pwsztar.edu.pl\/index.php\/wp-json\/wp\/v2\/comments?post=20"}],"version-history":[{"count":24,"href":"https:\/\/artnow.pwsztar.edu.pl\/index.php\/wp-json\/wp\/v2\/pages\/20\/revisions"}],"predecessor-version":[{"id":321,"href":"https:\/\/artnow.pwsztar.edu.pl\/index.php\/wp-json\/wp\/v2\/pages\/20\/revisions\/321"}],"wp:attachment":[{"href":"https:\/\/artnow.pwsztar.edu.pl\/index.php\/wp-json\/wp\/v2\/media?parent=20"}],"curies":[{"name":"wp","href":"https:\/\/api.w.org\/{rel}","templated":true}]}}