{"id":114,"date":"2023-04-23T12:13:02","date_gmt":"2023-04-23T12:13:02","guid":{"rendered":"https:\/\/artnow.pwsztar.edu.pl\/?page_id=114"},"modified":"2023-04-26T09:44:56","modified_gmt":"2023-04-26T09:44:56","slug":"warsztaty-outdoor","status":"publish","type":"page","link":"https:\/\/artnow.pwsztar.edu.pl\/index.php\/warsztaty-outdoor\/","title":{"rendered":"Warsztaty OUTDOOR"},"content":{"rendered":"<p><strong>Warsztaty OUTDOOR<br \/>\n<\/strong><em>16-17 lipca 2022<\/em><\/p>\n<p>Kilkoro cz\u0142onk\u00f3w naszego ko\u0142a wzi\u0119\u0142o udzia\u0142 w Festiwalu Warsztat\u00f3w OUTDOOR organizowanych przez Kolektyw projektowo-budowlany SPOT w bazie harcerskiej w Rajcu Poduchownym.<\/p>\n<p>Opiekun naszego ko\u0142a wzi\u0105\u0142 udzia\u0142 w festiwalu jako tutor przeprowadzaj\u0105c warsztaty 'Praca z drewnem&#8217;.<\/p>\n<p>Cz\u0142onkowie ko\u0142a wzi\u0119li r\u00f3wnie\u017c udzia\u0142 w warsztatach z linorytu, sitodruku, poezji przestrzeni, introligatorstwa, a nawet w\u0142asnor\u0119cznie formowali ceg\u0142y.<\/p>\n<figure id=\"attachment_126\" aria-describedby=\"caption-attachment-126\" style=\"width: 300px\" class=\"wp-caption alignnone\"><img decoding=\"async\" loading=\"lazy\" class=\"size-medium wp-image-126\" src=\"https:\/\/artnow.pwsztar.edu.pl\/wp-content\/uploads\/2023\/04\/IMG_20220716_135903-300x225.jpg\" alt=\"\" width=\"300\" height=\"225\" srcset=\"https:\/\/artnow.pwsztar.edu.pl\/wp-content\/uploads\/2023\/04\/IMG_20220716_135903-300x225.jpg 300w, https:\/\/artnow.pwsztar.edu.pl\/wp-content\/uploads\/2023\/04\/IMG_20220716_135903-1024x768.jpg 1024w, https:\/\/artnow.pwsztar.edu.pl\/wp-content\/uploads\/2023\/04\/IMG_20220716_135903-768x576.jpg 768w, https:\/\/artnow.pwsztar.edu.pl\/wp-content\/uploads\/2023\/04\/IMG_20220716_135903-1536x1152.jpg 1536w, https:\/\/artnow.pwsztar.edu.pl\/wp-content\/uploads\/2023\/04\/IMG_20220716_135903-2048x1536.jpg 2048w\" sizes=\"(max-width: 300px) 100vw, 300px\" \/><figcaption id=\"caption-attachment-126\" class=\"wp-caption-text\">warsztaty 'Praca z drewnem&#8217;<\/figcaption><\/figure>\n<figure id=\"attachment_130\" aria-describedby=\"caption-attachment-130\" style=\"width: 300px\" class=\"wp-caption alignnone\"><img decoding=\"async\" loading=\"lazy\" class=\"size-medium wp-image-130\" src=\"https:\/\/artnow.pwsztar.edu.pl\/wp-content\/uploads\/2023\/04\/IMG_20220716_161000-300x225.jpg\" alt=\"\" width=\"300\" height=\"225\" srcset=\"https:\/\/artnow.pwsztar.edu.pl\/wp-content\/uploads\/2023\/04\/IMG_20220716_161000-300x225.jpg 300w, https:\/\/artnow.pwsztar.edu.pl\/wp-content\/uploads\/2023\/04\/IMG_20220716_161000-1024x768.jpg 1024w, https:\/\/artnow.pwsztar.edu.pl\/wp-content\/uploads\/2023\/04\/IMG_20220716_161000-768x576.jpg 768w, https:\/\/artnow.pwsztar.edu.pl\/wp-content\/uploads\/2023\/04\/IMG_20220716_161000-1536x1152.jpg 1536w, https:\/\/artnow.pwsztar.edu.pl\/wp-content\/uploads\/2023\/04\/IMG_20220716_161000-2048x1536.jpg 2048w\" sizes=\"(max-width: 300px) 100vw, 300px\" \/><figcaption id=\"caption-attachment-130\" class=\"wp-caption-text\">warsztaty 'Praca z drewnem&#8217;<\/figcaption><\/figure>\n<figure id=\"attachment_129\" aria-describedby=\"caption-attachment-129\" style=\"width: 225px\" class=\"wp-caption alignleft\"><img decoding=\"async\" loading=\"lazy\" class=\"size-medium wp-image-129\" src=\"https:\/\/artnow.pwsztar.edu.pl\/wp-content\/uploads\/2023\/04\/IMG_20220716_135913-225x300.jpg\" alt=\"\" width=\"225\" height=\"300\" srcset=\"https:\/\/artnow.pwsztar.edu.pl\/wp-content\/uploads\/2023\/04\/IMG_20220716_135913-225x300.jpg 225w, https:\/\/artnow.pwsztar.edu.pl\/wp-content\/uploads\/2023\/04\/IMG_20220716_135913-768x1024.jpg 768w, https:\/\/artnow.pwsztar.edu.pl\/wp-content\/uploads\/2023\/04\/IMG_20220716_135913-1152x1536.jpg 1152w, https:\/\/artnow.pwsztar.edu.pl\/wp-content\/uploads\/2023\/04\/IMG_20220716_135913-1536x2048.jpg 1536w, https:\/\/artnow.pwsztar.edu.pl\/wp-content\/uploads\/2023\/04\/IMG_20220716_135913-scaled.jpg 1920w\" sizes=\"(max-width: 225px) 100vw, 225px\" \/><figcaption id=\"caption-attachment-129\" class=\"wp-caption-text\">Zaostrzanie nogi siedziska<\/figcaption><\/figure>\n<figure id=\"attachment_128\" aria-describedby=\"caption-attachment-128\" style=\"width: 225px\" class=\"wp-caption alignright\"><img decoding=\"async\" loading=\"lazy\" class=\"size-medium wp-image-128\" src=\"https:\/\/artnow.pwsztar.edu.pl\/wp-content\/uploads\/2023\/04\/IMG_20220716_135928-225x300.jpg\" alt=\"\" width=\"225\" height=\"300\" srcset=\"https:\/\/artnow.pwsztar.edu.pl\/wp-content\/uploads\/2023\/04\/IMG_20220716_135928-225x300.jpg 225w, https:\/\/artnow.pwsztar.edu.pl\/wp-content\/uploads\/2023\/04\/IMG_20220716_135928-768x1024.jpg 768w, https:\/\/artnow.pwsztar.edu.pl\/wp-content\/uploads\/2023\/04\/IMG_20220716_135928-1152x1536.jpg 1152w, https:\/\/artnow.pwsztar.edu.pl\/wp-content\/uploads\/2023\/04\/IMG_20220716_135928-1536x2048.jpg 1536w, https:\/\/artnow.pwsztar.edu.pl\/wp-content\/uploads\/2023\/04\/IMG_20220716_135928-scaled.jpg 1920w\" sizes=\"(max-width: 225px) 100vw, 225px\" \/><figcaption id=\"caption-attachment-128\" class=\"wp-caption-text\">Struganie<\/figcaption><\/figure>\n<figure id=\"attachment_127\" aria-describedby=\"caption-attachment-127\" style=\"width: 225px\" class=\"wp-caption alignleft\"><img decoding=\"async\" loading=\"lazy\" class=\"size-medium wp-image-127\" src=\"https:\/\/artnow.pwsztar.edu.pl\/wp-content\/uploads\/2023\/04\/IMG_20220716_135925-225x300.jpg\" alt=\"\" width=\"225\" height=\"300\" srcset=\"https:\/\/artnow.pwsztar.edu.pl\/wp-content\/uploads\/2023\/04\/IMG_20220716_135925-225x300.jpg 225w, https:\/\/artnow.pwsztar.edu.pl\/wp-content\/uploads\/2023\/04\/IMG_20220716_135925-768x1024.jpg 768w, https:\/\/artnow.pwsztar.edu.pl\/wp-content\/uploads\/2023\/04\/IMG_20220716_135925-1152x1536.jpg 1152w, https:\/\/artnow.pwsztar.edu.pl\/wp-content\/uploads\/2023\/04\/IMG_20220716_135925-1536x2048.jpg 1536w, https:\/\/artnow.pwsztar.edu.pl\/wp-content\/uploads\/2023\/04\/IMG_20220716_135925-scaled.jpg 1920w\" sizes=\"(max-width: 225px) 100vw, 225px\" \/><figcaption id=\"caption-attachment-127\" class=\"wp-caption-text\">Siedzisko<\/figcaption><\/figure>\n<figure id=\"attachment_131\" aria-describedby=\"caption-attachment-131\" style=\"width: 225px\" class=\"wp-caption alignright\"><img decoding=\"async\" loading=\"lazy\" class=\"size-medium wp-image-131\" src=\"https:\/\/artnow.pwsztar.edu.pl\/wp-content\/uploads\/2023\/04\/IMG_20220716_160947-225x300.jpg\" alt=\"\" width=\"225\" height=\"300\" srcset=\"https:\/\/artnow.pwsztar.edu.pl\/wp-content\/uploads\/2023\/04\/IMG_20220716_160947-225x300.jpg 225w, https:\/\/artnow.pwsztar.edu.pl\/wp-content\/uploads\/2023\/04\/IMG_20220716_160947-768x1024.jpg 768w, https:\/\/artnow.pwsztar.edu.pl\/wp-content\/uploads\/2023\/04\/IMG_20220716_160947-1152x1536.jpg 1152w, https:\/\/artnow.pwsztar.edu.pl\/wp-content\/uploads\/2023\/04\/IMG_20220716_160947-1536x2048.jpg 1536w, https:\/\/artnow.pwsztar.edu.pl\/wp-content\/uploads\/2023\/04\/IMG_20220716_160947-scaled.jpg 1920w\" sizes=\"(max-width: 225px) 100vw, 225px\" \/><figcaption id=\"caption-attachment-131\" class=\"wp-caption-text\">\u0141\u0105czenia &#8211; na jask\u00f3\u0142czy ogon<\/figcaption><\/figure>\n<p>&nbsp;<\/p>\n<p>&nbsp;<\/p>\n<p>&nbsp;<\/p>\n<p>&nbsp;<\/p>\n<p>&nbsp;<\/p>\n<p>&nbsp;<\/p>\n<p>&nbsp;<\/p>\n<p>&nbsp;<\/p>\n<p>&nbsp;<\/p>\n<p>&nbsp;<\/p>\n<p>&nbsp;<\/p>\n<p>&nbsp;<\/p>\n<p>&nbsp;<\/p>\n<p>&nbsp;<\/p>\n<p>&nbsp;<\/p>\n<p>&nbsp;<\/p>\n<p>&nbsp;<\/p>\n<p><em>Autor zdj\u0119\u0107 : Ewa Serafi\u0144ska<\/em><\/p>\n","protected":false},"excerpt":{"rendered":"<p>Warsztaty OUTDOOR 16-17 lipca 2022 Kilkoro cz\u0142onk\u00f3w naszego ko\u0142a wzi\u0119\u0142o udzia\u0142 w Festiwalu Warsztat\u00f3w OUTDOOR organizowanych przez Kolektyw projektowo-budowlany SPOT w bazie harcerskiej w Rajcu Poduchownym. Opiekun naszego ko\u0142a wzi\u0105\u0142 udzia\u0142 w festiwalu jako tutor przeprowadzaj\u0105c warsztaty 'Praca z drewnem&#8217;. Cz\u0142onkowie ko\u0142a wzi\u0119li r\u00f3wnie\u017c udzia\u0142 w warsztatach z linorytu, sitodruku, poezji przestrzeni, introligatorstwa, a nawet &hellip; <\/p>\n<p class=\"link-more\"><a href=\"https:\/\/artnow.pwsztar.edu.pl\/index.php\/warsztaty-outdoor\/\" class=\"more-link\">Czytaj dalej<span class=\"screen-reader-text\"> \u201eWarsztaty OUTDOOR\u201d<\/span><\/a><\/p>\n","protected":false},"author":3,"featured_media":0,"parent":0,"menu_order":0,"comment_status":"closed","ping_status":"closed","template":"","meta":[],"_links":{"self":[{"href":"https:\/\/artnow.pwsztar.edu.pl\/index.php\/wp-json\/wp\/v2\/pages\/114"}],"collection":[{"href":"https:\/\/artnow.pwsztar.edu.pl\/index.php\/wp-json\/wp\/v2\/pages"}],"about":[{"href":"https:\/\/artnow.pwsztar.edu.pl\/index.php\/wp-json\/wp\/v2\/types\/page"}],"author":[{"embeddable":true,"href":"https:\/\/artnow.pwsztar.edu.pl\/index.php\/wp-json\/wp\/v2\/users\/3"}],"replies":[{"embeddable":true,"href":"https:\/\/artnow.pwsztar.edu.pl\/index.php\/wp-json\/wp\/v2\/comments?post=114"}],"version-history":[{"count":4,"href":"https:\/\/artnow.pwsztar.edu.pl\/index.php\/wp-json\/wp\/v2\/pages\/114\/revisions"}],"predecessor-version":[{"id":169,"href":"https:\/\/artnow.pwsztar.edu.pl\/index.php\/wp-json\/wp\/v2\/pages\/114\/revisions\/169"}],"wp:attachment":[{"href":"https:\/\/artnow.pwsztar.edu.pl\/index.php\/wp-json\/wp\/v2\/media?parent=114"}],"curies":[{"name":"wp","href":"https:\/\/api.w.org\/{rel}","templated":true}]}}